{"id":137,"date":"2021-11-08T14:03:29","date_gmt":"2021-11-08T14:03:29","guid":{"rendered":"https:\/\/lasoville.com\/monospace\/?post_type=product&#038;p=137"},"modified":"2021-11-18T20:02:09","modified_gmt":"2021-11-18T20:02:09","slug":"flamenco-de-maceta-fucsia","status":"publish","type":"product","link":"https:\/\/lasoville.com\/monospace\/shop\/flamenco-de-maceta-fucsia\/","title":{"rendered":"Flamenco de maceta fucsia"},"content":{"rendered":"<p>Hay flamencos de jard\u00edn, pero este es de maceta.<\/p>\n<p>Si el jard\u00edn propio es un sue\u00f1o todav\u00eda, se puede conseguir un suced\u00e1neo casi id\u00e9ntico con un par de maceteros y patillas de la casa de la mam\u00e1. Agregue el toque final con un flamenco y voil\u00e1.<\/p>\n<p>Este flamenco fucsia chill\u00f3n est\u00e1 hecho de resina con patas de cobre. Resistir\u00e1 riegos y mascotas.<\/p>\n","protected":false},"excerpt":{"rendered":"<p>Hay flamencos de jard\u00edn, pero este es de maceta. Si el jard\u00edn propio es un sue\u00f1o todav\u00eda, se puede conseguir un suced\u00e1neo casi id\u00e9ntico con un par de maceteros y patillas de la casa de la mam\u00e1. Agregue el toque final con un flamenco y voil\u00e1. Este flamenco fucsia chill\u00f3n est\u00e1 hecho de resina con [&hellip;]<\/p>\n","protected":false},"featured_media":162,"comment_status":"open","ping_status":"closed","template":"","meta":[],"product_brand":[],"product_cat":[18],"product_tag":[],"class_list":{"0":"post-137","1":"product","2":"type-product","3":"status-publish","4":"has-post-thumbnail","6":"product_cat-original","8":"first","9":"instock","10":"shipping-taxable","11":"purchasable","12":"product-type-simple"},"_links":{"self":[{"href":"https:\/\/lasoville.com\/monospace\/wp-json\/wp\/v2\/product\/137","targetHints":{"allow":["GET"]}}],"collection":[{"href":"https:\/\/lasoville.com\/monospace\/wp-json\/wp\/v2\/product"}],"about":[{"href":"https:\/\/lasoville.com\/monospace\/wp-json\/wp\/v2\/types\/product"}],"replies":[{"embeddable":true,"href":"https:\/\/lasoville.com\/monospace\/wp-json\/wp\/v2\/comments?post=137"}],"wp:featuredmedia":[{"embeddable":true,"href":"https:\/\/lasoville.com\/monospace\/wp-json\/wp\/v2\/media\/162"}],"wp:attachment":[{"href":"https:\/\/lasoville.com\/monospace\/wp-json\/wp\/v2\/media?parent=137"}],"wp:term":[{"taxonomy":"product_brand","embeddable":true,"href":"https:\/\/lasoville.com\/monospace\/wp-json\/wp\/v2\/product_brand?post=137"},{"taxonomy":"product_cat","embeddable":true,"href":"https:\/\/lasoville.com\/monospace\/wp-json\/wp\/v2\/product_cat?post=137"},{"taxonomy":"product_tag","embeddable":true,"href":"https:\/\/lasoville.com\/monospace\/wp-json\/wp\/v2\/product_tag?post=137"}],"curies":[{"name":"wp","href":"https:\/\/api.w.org\/{rel}","templated":true}]}}