{"id":153,"date":"2021-11-28T02:14:13","date_gmt":"2021-11-28T02:14:13","guid":{"rendered":"https:\/\/lasoville.com\/monospace\/?post_type=product&#038;p=153"},"modified":"2021-11-28T02:14:13","modified_gmt":"2021-11-28T02:14:13","slug":"marraqueta","status":"publish","type":"product","link":"https:\/\/lasoville.com\/monospace\/shop\/marraqueta\/","title":{"rendered":"Marraqueta"},"content":{"rendered":"<p>Pan batido o franc\u00e9s, este pancito es de lo mejor de la panader\u00eda nacional. Blandita por dentro y crujiente por fuera en su m\u00e1ximo esplendor, con mantequilla, palta, al desayuno o a la once salva y encanta.<\/p>\n","protected":false},"excerpt":{"rendered":"<p>Pan batido o franc\u00e9s, este pancito es de lo mejor de la panader\u00eda nacional. Blandita por dentro y crujiente por fuera en su m\u00e1ximo esplendor, con mantequilla, palta, al desayuno o a la once salva y encanta.<\/p>\n","protected":false},"featured_media":0,"comment_status":"open","ping_status":"closed","template":"","meta":[],"product_brand":[],"product_cat":[21],"product_tag":[],"class_list":{"0":"post-153","1":"product","2":"type-product","3":"status-publish","5":"product_cat-pins","7":"first","8":"instock","9":"shipping-taxable","10":"purchasable","11":"product-type-simple"},"_links":{"self":[{"href":"https:\/\/lasoville.com\/monospace\/wp-json\/wp\/v2\/product\/153","targetHints":{"allow":["GET"]}}],"collection":[{"href":"https:\/\/lasoville.com\/monospace\/wp-json\/wp\/v2\/product"}],"about":[{"href":"https:\/\/lasoville.com\/monospace\/wp-json\/wp\/v2\/types\/product"}],"replies":[{"embeddable":true,"href":"https:\/\/lasoville.com\/monospace\/wp-json\/wp\/v2\/comments?post=153"}],"wp:attachment":[{"href":"https:\/\/lasoville.com\/monospace\/wp-json\/wp\/v2\/media?parent=153"}],"wp:term":[{"taxonomy":"product_brand","embeddable":true,"href":"https:\/\/lasoville.com\/monospace\/wp-json\/wp\/v2\/product_brand?post=153"},{"taxonomy":"product_cat","embeddable":true,"href":"https:\/\/lasoville.com\/monospace\/wp-json\/wp\/v2\/product_cat?post=153"},{"taxonomy":"product_tag","embeddable":true,"href":"https:\/\/lasoville.com\/monospace\/wp-json\/wp\/v2\/product_tag?post=153"}],"curies":[{"name":"wp","href":"https:\/\/api.w.org\/{rel}","templated":true}]}}