{"id":175,"date":"2021-11-28T02:10:46","date_gmt":"2021-11-28T02:10:46","guid":{"rendered":"https:\/\/lasoville.com\/monospace\/?post_type=product&#038;p=175"},"modified":"2021-11-28T02:10:46","modified_gmt":"2021-11-28T02:10:46","slug":"hemoglobita","status":"publish","type":"product","link":"https:\/\/lasoville.com\/monospace\/shop\/hemoglobita\/","title":{"rendered":"Hemoglobita"},"content":{"rendered":"<p>Una c\u00e9lula roja alegre y simp\u00e1tica que alegrar\u00e1 tus d\u00edas record\u00e1ndote lo mucho que trabaja tu cuerpo por t\u00ed.<\/p>\n","protected":false},"excerpt":{"rendered":"<p>Una c\u00e9lula roja alegre y simp\u00e1tica que alegrar\u00e1 tus d\u00edas record\u00e1ndote lo mucho que trabaja tu cuerpo por t\u00ed.<\/p>\n","protected":false},"featured_media":0,"comment_status":"open","ping_status":"closed","template":"","meta":[],"product_brand":[],"product_cat":[28],"product_tag":[],"class_list":{"0":"post-175","1":"product","2":"type-product","3":"status-publish","5":"product_cat-mini-toys","7":"first","8":"instock","9":"shipping-taxable","10":"purchasable","11":"product-type-simple"},"_links":{"self":[{"href":"https:\/\/lasoville.com\/monospace\/wp-json\/wp\/v2\/product\/175","targetHints":{"allow":["GET"]}}],"collection":[{"href":"https:\/\/lasoville.com\/monospace\/wp-json\/wp\/v2\/product"}],"about":[{"href":"https:\/\/lasoville.com\/monospace\/wp-json\/wp\/v2\/types\/product"}],"replies":[{"embeddable":true,"href":"https:\/\/lasoville.com\/monospace\/wp-json\/wp\/v2\/comments?post=175"}],"wp:attachment":[{"href":"https:\/\/lasoville.com\/monospace\/wp-json\/wp\/v2\/media?parent=175"}],"wp:term":[{"taxonomy":"product_brand","embeddable":true,"href":"https:\/\/lasoville.com\/monospace\/wp-json\/wp\/v2\/product_brand?post=175"},{"taxonomy":"product_cat","embeddable":true,"href":"https:\/\/lasoville.com\/monospace\/wp-json\/wp\/v2\/product_cat?post=175"},{"taxonomy":"product_tag","embeddable":true,"href":"https:\/\/lasoville.com\/monospace\/wp-json\/wp\/v2\/product_tag?post=175"}],"curies":[{"name":"wp","href":"https:\/\/api.w.org\/{rel}","templated":true}]}}